{"id":205,"date":"2025-01-22T22:31:16","date_gmt":"2025-01-22T21:31:16","guid":{"rendered":"https:\/\/fem-freiburg.de\/?page_id=205"},"modified":"2025-03-07T20:46:10","modified_gmt":"2025-03-07T19:46:10","slug":"mitglied-werden","status":"publish","type":"page","link":"https:\/\/fem-freiburg.de\/?page_id=205","title":{"rendered":"Mitglied werden"},"content":{"rendered":"\n<p class=\"has-custom-paragraph-color-color has-text-color has-link-color wp-elements-ebd7c73c2464b34f7c7af339ed3c190c\">Um bei uns Mitglied zu werden ist gar nicht so viel zu tun! <\/p>\n\n\n\n<p class=\"has-custom-paragraph-color-color has-text-color has-link-color wp-elements-5e6146508fe04d36e51547e9bd68c3a2\">F\u00fcllen Sie einfach den unten stehenden Aufnahmeantrag aus und senden Sie uns diesen unterschrieben zur\u00fcck. Der Mitgliedsbeitrag betr\u00e4gt derzeit 20 \u20ac \/ Jahr. Nach erfolgreicher Aufnahme senden wir Ihnen dann alle notwendigen Dokumente zu.<\/p>\n\n\n\n<div data-wp-interactive=\"core\/file\" class=\"wp-block-file\"><object data-wp-bind--hidden=\"!state.hasPdfPreview\" hidden class=\"wp-block-file__embed\" data=\"https:\/\/fem-freiburg.de\/wp-content\/uploads\/2025\/03\/Aufnahmeantrag-FEM-Freiburg-e.V.pdf\" type=\"application\/pdf\" style=\"width:100%;height:600px\" aria-label=\"Einbettung von Aufnahmeantrag FEM-Freiburg e.V..\"><\/object><a id=\"wp-block-file--media-58cd488a-4e67-4902-bd9c-959e51daae54\" href=\"https:\/\/fem-freiburg.de\/wp-content\/uploads\/2025\/03\/Aufnahmeantrag-FEM-Freiburg-e.V.pdf\">Aufnahmeantrag FEM-Freiburg e.V.<\/a><a href=\"https:\/\/fem-freiburg.de\/wp-content\/uploads\/2025\/03\/Aufnahmeantrag-FEM-Freiburg-e.V.pdf\" class=\"wp-block-file__button wp-element-button\" download aria-describedby=\"wp-block-file--media-58cd488a-4e67-4902-bd9c-959e51daae54\">Herunterladen<\/a><\/div>\n","protected":false},"excerpt":{"rendered":"<p>Um bei uns Mitglied zu werden ist gar nicht so viel zu tun! F\u00fcllen Sie einfach den unten stehenden Aufnahmeantrag aus und senden Sie uns diesen unterschrieben zur\u00fcck. Der Mitgliedsbeitrag betr\u00e4gt derzeit 20 \u20ac \/ Jahr. Nach erfolgreicher Aufnahme senden wir Ihnen dann alle notwendigen Dokumente zu.<\/p>\n","protected":false},"author":1,"featured_media":0,"parent":0,"menu_order":0,"comment_status":"closed","ping_status":"closed","template":"","meta":{"footnotes":""},"class_list":["post-205","page","type-page","status-publish","hentry"],"_links":{"self":[{"href":"https:\/\/fem-freiburg.de\/index.php?rest_route=\/wp\/v2\/pages\/205","targetHints":{"allow":["GET"]}}],"collection":[{"href":"https:\/\/fem-freiburg.de\/index.php?rest_route=\/wp\/v2\/pages"}],"about":[{"href":"https:\/\/fem-freiburg.de\/index.php?rest_route=\/wp\/v2\/types\/page"}],"author":[{"embeddable":true,"href":"https:\/\/fem-freiburg.de\/index.php?rest_route=\/wp\/v2\/users\/1"}],"replies":[{"embeddable":true,"href":"https:\/\/fem-freiburg.de\/index.php?rest_route=%2Fwp%2Fv2%2Fcomments&post=205"}],"version-history":[{"count":0,"href":"https:\/\/fem-freiburg.de\/index.php?rest_route=\/wp\/v2\/pages\/205\/revisions"}],"wp:attachment":[{"href":"https:\/\/fem-freiburg.de\/index.php?rest_route=%2Fwp%2Fv2%2Fmedia&parent=205"}],"curies":[{"name":"wp","href":"https:\/\/api.w.org\/{rel}","templated":true}]}}