{"id":224,"date":"2025-02-09T10:47:31","date_gmt":"2025-02-09T09:47:31","guid":{"rendered":"https:\/\/fem-freiburg.de\/?page_id=224"},"modified":"2025-02-10T19:48:46","modified_gmt":"2025-02-10T18:48:46","slug":"minidampfbahn","status":"publish","type":"page","link":"https:\/\/fem-freiburg.de\/?page_id=224","title":{"rendered":"Minidampfbahn"},"content":{"rendered":"\n<p class=\"has-custom-paragraph-color-color has-text-color has-link-color wp-elements-a3f85e44c817372e044e738b2938295d\">FEM-Schulung 2025<\/p>\n\n\n\n<ul class=\"wp-block-list\">\n<li>Technik der Dampflokomotive<\/li>\n\n\n\n<li>Qualifikation Z\u00fcge der Minidampfbahn &nbsp;fahren <\/li>\n<\/ul>\n\n\n\n<p class=\"has-custom-paragraph-color-color has-text-color has-link-color wp-elements-66bc1b3b68dd25527d7db8e6c0b07b9e\">Der Verein Freundeskreis Eisenbahner und Minidampfbahn Freiburg e.V. veranstaltet 2025 zur F\u00f6rderung des Fachwissens und der <strong>Kenntnisse \u00fcber Dampflokomotiven <\/strong>eine Schulung f\u00fcr Vereinsmitglieder. Ziel ist die Qualifikation f\u00fcr die Berechtigung zum Fahren von Fahrzeugen und Publikumsz\u00fcgen der Minidampfbahn.<\/p>\n\n\n\n<p class=\"has-custom-paragraph-color-color has-text-color has-link-color wp-elements-f9573708131ec56b0746ff50d7847845\">Die Erlangung der Qualifikation zur Fahrberechtigung ist durch l\u00fcckenlose Teilnahme an der Schulung m\u00f6glich. Sie wird in 2025 einmal durchgef\u00fchrt und erstreckt sich in 3 Teilen \u00fcber einen Zeitraum von etwa 5 Wochen. Beginn ist am Donnerstag 27. M\u00e4rz. F\u00fcr die Teilnahme an der Schulung ist eine <strong>schriftliche Anmeldung bis zum 15. M\u00e4rz obligatorisch<\/strong>. Leitung Wolfgang Wiegand. Bitte formlos anmelden per Mail an: <strong><em>tazzelwurm184[at]aol.de<\/em><\/strong>. ([at] durch @ ersetzen)<\/p>\n\n\n\n<p class=\"has-custom-paragraph-color-color has-text-color has-link-color wp-elements-a52b86d8a09e3444118e75ff6eb7380a\">Ablauf<\/p>\n\n\n\n<p class=\"has-custom-paragraph-color-color has-text-color has-link-color wp-elements-6e473026557350856b6a3011cc9afb09\"><strong>Teil 1&nbsp;&nbsp;&nbsp;&nbsp;&nbsp;&nbsp;&nbsp;&nbsp;&nbsp;&nbsp;&nbsp;&nbsp;&nbsp;&nbsp; Donnerstag&nbsp;&nbsp;&nbsp; 27. M\u00e4rz 2025 um 16:00 Uhr Gr\u00fcne Wagen FEM<\/strong><\/p>\n\n\n\n<p class=\"has-custom-paragraph-color-color has-text-color has-link-color wp-elements-7664b40cb9d2702c4efe66c69236c311\"><strong>Grundlagen Technik von Dampflokomotiven<\/strong> (Dauer 2 Stunden)<\/p>\n\n\n\n<p class=\"has-custom-paragraph-color-color has-text-color has-link-color wp-elements-1cf1adb5a592c9c1f43e7c09e98944b4\">Auch Grundlagen der Technik und des Betriebes von Gartenbahnen mit Dampf- und Diesellok. Besonderheit Druckger\u00e4te, wie Dampfkessel im Regelwerk bezeichnet werden. Kleine Kunde \u00fcber das geltende Regelwerk und was bei einer Gartenbahn-Dampflok zu beachten ist.<\/p>\n\n\n\n<p class=\"has-custom-paragraph-color-color has-text-color has-link-color wp-elements-35688e139717cd902f16064a3b158c6c\"><strong>Teil 2<\/strong>&nbsp;&nbsp; &nbsp;&nbsp;&nbsp;&nbsp;&nbsp;&nbsp;&nbsp;&nbsp;&nbsp;&nbsp;&nbsp; <strong>Samstag&nbsp;&nbsp;&nbsp;&nbsp;&nbsp;&nbsp;&nbsp;&nbsp;&nbsp; 12. April 2025 um 14:00 Uhr Gr\u00fcne Wagen FEM<\/strong><\/p>\n\n\n\n<p class=\"has-custom-paragraph-color-color has-text-color has-link-color wp-elements-942fb6524c1a9849ff7e2952e34aea44\"><strong>Grundlagen Fahrbetrieb und Unfallverh\u00fctung bei FEM-Veranstaltungen <\/strong>(Dauer 1 Stunde)<\/p>\n\n\n\n<p class=\"has-custom-paragraph-color-color has-text-color has-link-color wp-elements-d9da7625de46c91cab0626106b69888e\">definitiv einmal j\u00e4hrlich vor Saisonbeginn <strong>f\u00fcr alle bisherigen Aktive<\/strong> (Fahrberechtigte) und diejenigen, welche zuvor Teil 1 besucht haben und noch beim Teil 3 teilnehmen.<\/p>\n\n\n\n<p class=\"has-custom-paragraph-color-color has-text-color has-link-color wp-elements-5ae7c7cfdf9fca7b969f784314bffd2c\"><strong>Teil 3&nbsp;&nbsp;&nbsp;&nbsp;&nbsp;&nbsp;&nbsp;&nbsp;&nbsp;&nbsp;&nbsp;&nbsp;&nbsp;&nbsp; Samstag&nbsp;&nbsp;&nbsp;&nbsp;&nbsp;&nbsp;&nbsp;&nbsp;&nbsp; 26. April 2025 um 13:00 Uhr Schuppen FEM<\/strong><\/p>\n\n\n\n<p class=\"has-custom-paragraph-color-color has-text-color has-link-color wp-elements-c748a2b942c63f8858ab0b9b9fd9024a\"><strong>Praxislehrgang<\/strong>&nbsp; (Dauer etwa 4 \u2013 5 Std.) Bedingung: Lehrg. Teil 1+ 2 wurden absolviert.<\/p>\n\n\n\n<p class=\"has-custom-paragraph-color-color has-text-color has-link-color wp-elements-c292768cf3b059a4668b4549f84c06b4\">Es wird eine Lok angeheizt, damit gefahren und diese wieder au\u00dfer Betrieb gesetzt. Dieser Lehrgang liegt 1 Woche vor dem ersten Fahrtag der Saison. So kann ein Teilnehmer dort seine erlernte F\u00e4higkeit gleich unter Beweis stellen. Er wird dabei von einem erfahrenen Mitglied unterst\u00fctzt.<\/p>\n\n\n\n<p class=\"has-custom-paragraph-color-color has-text-color has-link-color wp-elements-985aab81a9f49df5989994198a6bf964\">Kleingedrucktes<\/p>\n\n\n\n<p class=\"has-custom-paragraph-color-color has-text-color has-link-color wp-elements-c43566af23be5a267905a11b89f0be1a\">Die Teilnahme an den Lehrg\u00e4ngen <strong>ist&nbsp; ausschlie\u00dflich Vereinsmitgliedern des FEM vorbehalten<\/strong>. Zur Teilnahme k\u00f6nnen sich kurzfristig (bis 15. M\u00e4rz 2025) auch Nichtmitglieder als neues Mitglied anmelden. (Mindestdauer Mitgliedschaft 1 Jahr)<\/p>\n\n\n\n<p class=\"has-custom-paragraph-color-color has-text-color has-link-color wp-elements-dd981326639c1696517831128a23be9f\">Mit der Anmeldung best\u00e4tigt der Teilnehmer, alle Lehrg\u00e4nge zu besuchen. Sofern dieser aus pers\u00f6nlichen Gr\u00fcnden erkennen muss, dass er die Schulungen nicht l\u00fcckenlos besuchen kann, hat er sich abzumelden. Die erneute Teilnahme ist dann nur in der n\u00e4chsten Schulung nach einem Jahr wieder m\u00f6glich. Hintergrund dabei ist, dass keinesfalls unvollst\u00e4ndig unterwiesene Mitglieder im Fahrbetrieb der Minidampfbahn eingesetzt werden.<\/p>\n","protected":false},"excerpt":{"rendered":"<p>FEM-Schulung 2025 Der Verein Freundeskreis Eisenbahner und Minidampfbahn Freiburg e.V. veranstaltet 2025 zur F\u00f6rderung des Fachwissens und der Kenntnisse \u00fcber Dampflokomotiven eine Schulung f\u00fcr Vereinsmitglieder. Ziel ist die Qualifikation f\u00fcr die Berechtigung zum Fahren von Fahrzeugen und Publikumsz\u00fcgen der Minidampfbahn. Die Erlangung der Qualifikation zur Fahrberechtigung ist durch l\u00fcckenlose Teilnahme an der Schulung m\u00f6glich. Sie [&hellip;]<\/p>\n","protected":false},"author":1,"featured_media":0,"parent":0,"menu_order":0,"comment_status":"closed","ping_status":"closed","template":"","meta":{"footnotes":""},"class_list":["post-224","page","type-page","status-publish","hentry"],"_links":{"self":[{"href":"https:\/\/fem-freiburg.de\/index.php?rest_route=\/wp\/v2\/pages\/224","targetHints":{"allow":["GET"]}}],"collection":[{"href":"https:\/\/fem-freiburg.de\/index.php?rest_route=\/wp\/v2\/pages"}],"about":[{"href":"https:\/\/fem-freiburg.de\/index.php?rest_route=\/wp\/v2\/types\/page"}],"author":[{"embeddable":true,"href":"https:\/\/fem-freiburg.de\/index.php?rest_route=\/wp\/v2\/users\/1"}],"replies":[{"embeddable":true,"href":"https:\/\/fem-freiburg.de\/index.php?rest_route=%2Fwp%2Fv2%2Fcomments&post=224"}],"version-history":[{"count":0,"href":"https:\/\/fem-freiburg.de\/index.php?rest_route=\/wp\/v2\/pages\/224\/revisions"}],"wp:attachment":[{"href":"https:\/\/fem-freiburg.de\/index.php?rest_route=%2Fwp%2Fv2%2Fmedia&parent=224"}],"curies":[{"name":"wp","href":"https:\/\/api.w.org\/{rel}","templated":true}]}}