{"id":73,"date":"2024-04-21T19:05:11","date_gmt":"2024-04-21T19:05:11","guid":{"rendered":"https:\/\/fem-freiburg.de\/?page_id=73"},"modified":"2025-01-22T23:35:31","modified_gmt":"2025-01-22T22:35:31","slug":"hier-sind-wir-zuhause","status":"publish","type":"page","link":"https:\/\/fem-freiburg.de\/?page_id=73","title":{"rendered":"Hier sind wir Zuhause"},"content":{"rendered":"\n<div class=\"wp-block-columns is-layout-flex wp-container-core-columns-is-layout-28f84493 wp-block-columns-is-layout-flex\">\n<div class=\"wp-block-column is-layout-flow wp-block-column-is-layout-flow\">\n<iframe loading=\"lazy\" title=\"bwegt Fahrplanauskunft-Widget\" frameborder=\"0\" style=\"border: 0;\" width=\"340\" height=\"450\" src=\"https:\/\/www.bwegt.de\/efa-widget\/index.html?destination=streetID%3A1500000014%3A103%3A8311000%3A-1%3ABasler%20Stra%C3%9Fe%3AFreiburg%20im%20Breisgau%3ABasler%20Stra%C3%9Fe%3A%3ABasler%20Stra%C3%9Fe%3A79100%3AANY%3ADIVA_SINGLEHOUSE%3A871800%3A5895497%3AMRCV%3Ab_w&#038;destinationName=Bahnbetriebswerk%20Freiburg\"><\/iframe>\n<\/div>\n\n\n\n<div class=\"wp-block-column is-layout-flow wp-block-column-is-layout-flow\">\n<p class=\"has-custom-paragraph-color-color has-text-color has-link-color wp-elements-ab0593d35bc41311c308b2617d485a8e\">Unser Verein befindet sich in Freiburg auf dem Gel\u00e4nde der<\/p>\n\n\n\n<p class=\"has-custom-paragraph-color-color has-text-color has-link-color wp-elements-ee4912a617a4ebdee1f32dc03947d0c1\"><strong>Deutschen Bahn AG<\/strong> (DB-Regio AG).<\/p>\n\n\n\n<p class=\"has-custom-paragraph-color-color has-text-color has-link-color wp-elements-6476afb9252bb5704b1ebe217fe9491b\">Wir bitten zu beachten, dass auf dem Werksgel\u00e4nde von DB-Regio an Tagen unserer Veranstaltungen nur eine sehr begrenzte Zahl von Pkw-Parkpl\u00e4tzen zur Verf\u00fcgung steht. <strong>Wir empfehlen unseren Besuchern m\u00f6glichst mit dem \u00f6ffentlichen<\/strong> <strong>Nahverkehr oder dem Fahrrad zu uns zu kommen.<\/strong><\/p>\n\n\n\n<p class=\"has-custom-paragraph-color-color has-text-color has-link-color wp-elements-1db5ceaffc34a3b9cbf0d16a087a5e6a\">Vom <strong>Hauptbahnhof Freiburg<\/strong> kommend haben Sie die M\u00f6glichkeit, auf der Stadtbahnbr\u00fccke mit <strong>Strab-Linie 4<\/strong> (Vauban) in 11 Minuten \u00fcber Bertoldsbrunnen \/ Johanneskirche ohne Umsteigen bis Haltestelle <strong>&#8220;Heinrich-von-Stephan Stra\u00dfe&#8221;<\/strong> zu fahren. (Beachten: Strab-Linie 4 f\u00e4hrt nicht zur Haltestelle Pressehaus!) Deshalb gehen Sie am schnellsten zu Fu\u00df von der Haltestelle Heinrich-von-Stephan Stra\u00dfe auf der Basler Stra\u00dfe bis zur Bahnunterf\u00fchrung und nehmen die Auffahrt (Hinweistafel) zum Werksgel\u00e4nde von DB-Regio. Fu\u00dfweg etwa 4 Minuten.<br><br>Die Haltestelle \u201ePressehaus\u201c wird auch von der SBG (Linie 241 \/ 7240) angefahren.<\/p>\n\n\n\n<p class=\"has-custom-paragraph-color-color has-text-color has-link-color wp-elements-d52e0681bbf236b67536080f75e0a519\">Alternativ k\u00f6nnen Sie auch vom Hauptbahnhof Freiburg <strong>zu Fu\u00df<\/strong> von dessen Westausgang der Unterf\u00fchrung (Wentzingerstr.) in s\u00fcdlicher Richtung an der H\u00f6llentalbahn entlang (Bahnweg) \u00fcber die Dreisam und eine Unterf\u00fchrung gehen und erreichen unser Gel\u00e4nde nach etwa 25 Minuten. <strong>Den Bahnweg k\u00f6nnen Sie auch mit dem Fahrrad befahren.<\/strong><\/p>\n\n\n\n<p class=\"has-custom-paragraph-color-color has-text-color has-link-color wp-elements-0d7d22e9f56d8f4ddb85e4c66d6af7cc\">Pkw und Motorr\u00e4der gelangen wegen der durchgezogene Mittellinie nur \u00fcber die \u201eStadtausw\u00e4rts-Spur\u201c der Baslerstra\u00dfe zu uns! Dazu nach der Bahnbr\u00fccke die Auffahrt scharf nach rechts nehmen. Von Westen kommende Fahrer bitte oben an der Kreuzung wenden! Alternativparkpl\u00e4tze finden Sie sonntags auch in der Konrad-Goldmann-Stra\u00dfe.<\/p>\n<\/div>\n\n\n\n<div class=\"wp-block-column is-layout-flow wp-block-column-is-layout-flow\">\n<iframe src=\"https:\/\/www.google.com\/maps\/embed?pb=!1m14!1m12!1m3!1d347.66752662673906!2d7.832004830496719!3d47.987486969138885!2m3!1f0!2f0!3f0!3m2!1i1024!2i768!4f13.1!5e1!3m2!1sde!2sde!4v1713729152157!5m2!1sde!2sde\" width=\"600\" height=\"450\" style=\"border:0;\" allowfullscreen=\"\" loading=\"lazy\" referrerpolicy=\"no-referrer-when-downgrade\"><\/iframe>\n<\/div>\n<\/div>\n","protected":false},"excerpt":{"rendered":"<p>Unser Verein befindet sich in Freiburg auf dem Gel\u00e4nde der Deutschen Bahn AG (DB-Regio AG). Wir bitten zu beachten, dass auf dem Werksgel\u00e4nde von DB-Regio an Tagen unserer Veranstaltungen nur eine sehr begrenzte Zahl von Pkw-Parkpl\u00e4tzen zur Verf\u00fcgung steht. Wir empfehlen unseren Besuchern m\u00f6glichst mit dem \u00f6ffentlichen Nahverkehr oder dem Fahrrad zu uns zu kommen. [&hellip;]<\/p>\n","protected":false},"author":1,"featured_media":0,"parent":0,"menu_order":0,"comment_status":"closed","ping_status":"closed","template":"","meta":{"footnotes":""},"class_list":["post-73","page","type-page","status-publish","hentry"],"_links":{"self":[{"href":"https:\/\/fem-freiburg.de\/index.php?rest_route=\/wp\/v2\/pages\/73","targetHints":{"allow":["GET"]}}],"collection":[{"href":"https:\/\/fem-freiburg.de\/index.php?rest_route=\/wp\/v2\/pages"}],"about":[{"href":"https:\/\/fem-freiburg.de\/index.php?rest_route=\/wp\/v2\/types\/page"}],"author":[{"embeddable":true,"href":"https:\/\/fem-freiburg.de\/index.php?rest_route=\/wp\/v2\/users\/1"}],"replies":[{"embeddable":true,"href":"https:\/\/fem-freiburg.de\/index.php?rest_route=%2Fwp%2Fv2%2Fcomments&post=73"}],"version-history":[{"count":0,"href":"https:\/\/fem-freiburg.de\/index.php?rest_route=\/wp\/v2\/pages\/73\/revisions"}],"wp:attachment":[{"href":"https:\/\/fem-freiburg.de\/index.php?rest_route=%2Fwp%2Fv2%2Fmedia&parent=73"}],"curies":[{"name":"wp","href":"https:\/\/api.w.org\/{rel}","templated":true}]}}